{"id":32,"date":"2018-08-09T09:45:11","date_gmt":"2018-08-09T09:45:11","guid":{"rendered":"http:\/\/bibliotek.hogskolanaland.westart.se\/?page_id=32"},"modified":"2018-08-09T11:11:23","modified_gmt":"2018-08-09T11:11:23","slug":"contact","status":"publish","type":"page","link":"https:\/\/bibliotek.ha.ax\/en\/contact\/","title":{"rendered":"Contact"},"content":{"rendered":"","protected":false},"excerpt":{"rendered":"","protected":false},"author":3,"featured_media":0,"parent":0,"menu_order":12,"comment_status":"closed","ping_status":"closed","template":"page-templates\/contact.php","meta":{"_acf_changed":false,"_relevanssi_hide_post":"","_relevanssi_hide_content":"","_relevanssi_pin_for_all":"","_relevanssi_pin_keywords":"","_relevanssi_unpin_keywords":"","_relevanssi_related_keywords":"","_relevanssi_related_include_ids":"","_relevanssi_related_exclude_ids":"","_relevanssi_related_no_append":"","_relevanssi_related_not_related":"","_relevanssi_related_posts":"","_relevanssi_noindex_reason":"","footnotes":""},"class_list":["post-32","page","type-page","status-publish","hentry"],"acf":[],"yoast_head":"<!-- This site is optimized with the Yoast SEO plugin v27.1.1 - https:\/\/yoast.com\/product\/yoast-seo-wordpress\/ -->\n<title>Contact - H\u00f6gskolebiblioteket<\/title>\n<meta name=\"robots\" content=\"index, follow, max-snippet:-1, max-image-preview:large, max-video-preview:-1\" \/>\n<link rel=\"canonical\" href=\"https:\/\/bibliotek.ha.ax\/en\/contact\/\" \/>\n<meta property=\"og:locale\" content=\"en_US\" \/>\n<meta property=\"og:type\" content=\"article\" \/>\n<meta property=\"og:title\" content=\"Contact - H\u00f6gskolebiblioteket\" \/>\n<meta property=\"og:url\" content=\"https:\/\/bibliotek.ha.ax\/en\/contact\/\" \/>\n<meta property=\"og:site_name\" content=\"H\u00f6gskolebiblioteket\" \/>\n<meta property=\"article:modified_time\" content=\"2018-08-09T11:11:23+00:00\" \/>\n<meta name=\"twitter:card\" content=\"summary_large_image\" \/>\n<script type=\"application\/ld+json\" class=\"yoast-schema-graph\">{\"@context\":\"https:\/\/schema.org\",\"@graph\":[{\"@type\":\"WebPage\",\"@id\":\"https:\/\/bibliotek.ha.ax\/en\/contact\/\",\"url\":\"https:\/\/bibliotek.ha.ax\/en\/contact\/\",\"name\":\"Contact - H\u00f6gskolebiblioteket\",\"isPartOf\":{\"@id\":\"https:\/\/bibliotek.ha.ax\/en\/#website\"},\"datePublished\":\"2018-08-09T09:45:11+00:00\",\"dateModified\":\"2018-08-09T11:11:23+00:00\",\"breadcrumb\":{\"@id\":\"https:\/\/bibliotek.ha.ax\/en\/contact\/#breadcrumb\"},\"inLanguage\":\"en-US\",\"potentialAction\":[{\"@type\":\"ReadAction\",\"target\":[\"https:\/\/bibliotek.ha.ax\/en\/contact\/\"]}]},{\"@type\":\"BreadcrumbList\",\"@id\":\"https:\/\/bibliotek.ha.ax\/en\/contact\/#breadcrumb\",\"itemListElement\":[{\"@type\":\"ListItem\",\"position\":1,\"name\":\"Home\",\"item\":\"https:\/\/bibliotek.ha.ax\/en\/\"},{\"@type\":\"ListItem\",\"position\":2,\"name\":\"Contact\"}]},{\"@type\":\"WebSite\",\"@id\":\"https:\/\/bibliotek.ha.ax\/en\/#website\",\"url\":\"https:\/\/bibliotek.ha.ax\/en\/\",\"name\":\"H\u00f6gskolebiblioteket\",\"description\":\"H\u00f6gskolebiblioteket vid H\u00f6gskolan p\u00e5 \u00c5land\",\"potentialAction\":[{\"@type\":\"SearchAction\",\"target\":{\"@type\":\"EntryPoint\",\"urlTemplate\":\"https:\/\/bibliotek.ha.ax\/en\/?s={search_term_string}\"},\"query-input\":{\"@type\":\"PropertyValueSpecification\",\"valueRequired\":true,\"valueName\":\"search_term_string\"}}],\"inLanguage\":\"en-US\"}]}<\/script>\n<!-- \/ Yoast SEO plugin. -->","yoast_head_json":{"title":"Contact - H\u00f6gskolebiblioteket","robots":{"index":"index","follow":"follow","max-snippet":"max-snippet:-1","max-image-preview":"max-image-preview:large","max-video-preview":"max-video-preview:-1"},"canonical":"https:\/\/bibliotek.ha.ax\/en\/contact\/","og_locale":"en_US","og_type":"article","og_title":"Contact - H\u00f6gskolebiblioteket","og_url":"https:\/\/bibliotek.ha.ax\/en\/contact\/","og_site_name":"H\u00f6gskolebiblioteket","article_modified_time":"2018-08-09T11:11:23+00:00","twitter_card":"summary_large_image","schema":{"@context":"https:\/\/schema.org","@graph":[{"@type":"WebPage","@id":"https:\/\/bibliotek.ha.ax\/en\/contact\/","url":"https:\/\/bibliotek.ha.ax\/en\/contact\/","name":"Contact - H\u00f6gskolebiblioteket","isPartOf":{"@id":"https:\/\/bibliotek.ha.ax\/en\/#website"},"datePublished":"2018-08-09T09:45:11+00:00","dateModified":"2018-08-09T11:11:23+00:00","breadcrumb":{"@id":"https:\/\/bibliotek.ha.ax\/en\/contact\/#breadcrumb"},"inLanguage":"en-US","potentialAction":[{"@type":"ReadAction","target":["https:\/\/bibliotek.ha.ax\/en\/contact\/"]}]},{"@type":"BreadcrumbList","@id":"https:\/\/bibliotek.ha.ax\/en\/contact\/#breadcrumb","itemListElement":[{"@type":"ListItem","position":1,"name":"Home","item":"https:\/\/bibliotek.ha.ax\/en\/"},{"@type":"ListItem","position":2,"name":"Contact"}]},{"@type":"WebSite","@id":"https:\/\/bibliotek.ha.ax\/en\/#website","url":"https:\/\/bibliotek.ha.ax\/en\/","name":"H\u00f6gskolebiblioteket","description":"H\u00f6gskolebiblioteket vid H\u00f6gskolan p\u00e5 \u00c5land","potentialAction":[{"@type":"SearchAction","target":{"@type":"EntryPoint","urlTemplate":"https:\/\/bibliotek.ha.ax\/en\/?s={search_term_string}"},"query-input":{"@type":"PropertyValueSpecification","valueRequired":true,"valueName":"search_term_string"}}],"inLanguage":"en-US"}]}},"_links":{"self":[{"href":"https:\/\/bibliotek.ha.ax\/en\/wp-json\/wp\/v2\/pages\/32","targetHints":{"allow":["GET"]}}],"collection":[{"href":"https:\/\/bibliotek.ha.ax\/en\/wp-json\/wp\/v2\/pages"}],"about":[{"href":"https:\/\/bibliotek.ha.ax\/en\/wp-json\/wp\/v2\/types\/page"}],"author":[{"embeddable":true,"href":"https:\/\/bibliotek.ha.ax\/en\/wp-json\/wp\/v2\/users\/3"}],"replies":[{"embeddable":true,"href":"https:\/\/bibliotek.ha.ax\/en\/wp-json\/wp\/v2\/comments?post=32"}],"version-history":[{"count":2,"href":"https:\/\/bibliotek.ha.ax\/en\/wp-json\/wp\/v2\/pages\/32\/revisions"}],"predecessor-version":[{"id":104,"href":"https:\/\/bibliotek.ha.ax\/en\/wp-json\/wp\/v2\/pages\/32\/revisions\/104"}],"wp:attachment":[{"href":"https:\/\/bibliotek.ha.ax\/en\/wp-json\/wp\/v2\/media?parent=32"}],"curies":[{"name":"wp","href":"https:\/\/api.w.org\/{rel}","templated":true}]}}